{"id":599,"date":"2022-06-06T11:49:31","date_gmt":"2022-06-06T11:49:31","guid":{"rendered":"http:\/\/sierrasan.es\/?page_id=599"},"modified":"2022-10-17T10:09:34","modified_gmt":"2022-10-17T10:09:34","slug":"aviso-legal","status":"publish","type":"page","link":"https:\/\/sierrasan.es\/en\/aviso-legal\/","title":{"rendered":"Aviso Legal"},"content":{"rendered":"<p>[et_pb_section fb_built=\u00bb1&#8243; _builder_version=\u00bb4.14.9&#8243; _module_preset=\u00bbdefault\u00bb da_disable_devices=\u00bboff|off|off\u00bb global_colors_info=\u00bb{}\u00bb da_is_popup=\u00bboff\u00bb da_exit_intent=\u00bboff\u00bb da_has_close=\u00bbon\u00bb da_alt_close=\u00bboff\u00bb da_dark_close=\u00bboff\u00bb da_not_modal=\u00bbon\u00bb da_is_singular=\u00bboff\u00bb da_with_loader=\u00bboff\u00bb da_has_shadow=\u00bbon\u00bb][et_pb_row _builder_version=\u00bb4.14.9&#8243; _module_preset=\u00bbdefault\u00bb global_colors_info=\u00bb{}\u00bb][et_pb_column type=\u00bb4_4&#8243; _builder_version=\u00bb4.14.9&#8243; _module_preset=\u00bbdefault\u00bb global_colors_info=\u00bb{}\u00bb][et_pb_text _builder_version=\u00bb4.14.9&#8243; _module_preset=\u00bbdefault\u00bb text_line_height=\u00bb2em\u00bb header_text_color=\u00bb#E02B20&#8243; header_2_text_color=\u00bb#E02B20&#8243; global_colors_info=\u00bb{}\u00bb]<\/p>\n<h1><\/h1>\n<h1>Aviso Legal<\/h1>\n<p>&nbsp;<\/p>\n<p><span style=\"color: #e02b20;\">DATOS IDENTIFICATIVOS<\/span><br \/>En cumplimiento con el deber de informaci\u00f3n recogido en art\u00edculo 10 de la Ley 34\/2002, de 11 de julio, de Servicios de la Sociedad de <br \/>la Informaci\u00f3n y del Comercio Electr\u00f3nico, a continuaci\u00f3n se reflejan los siguientes datos: la empresa titular de dominio web es <br \/>SIERRASAN EQUIPAMIENTOS S.L. con domicilio a estos efectos en Calle Aleixandre, 4 28033 Madrid, n\u00famero de C.I.F.: B-82888637 <br \/>inscrita en el Registro Mercantil de Madrid Hoja n\u00ba M276086 Folio 56 Tomo 16266, Secci\u00f3n 8a. Correo electr\u00f3nico de contacto: comercial@sierrasan.es del sitio <br \/>web. <br \/><span style=\"color: #e02b20;\">USUARIOS<\/span><br \/>El acceso y\/o uso de este portal de SIERRASAN EQUIPAMIENTOS S.L. atribuye la condici\u00f3n de USUARIO, que <br \/>acepta, desde dicho acceso y\/o uso, las Condiciones Generales de Uso aqu\u00ed reflejadas. Las citadas Condiciones ser\u00e1n de aplicaci\u00f3n <br \/>independientemente de las Condiciones Generales de Contrataci\u00f3n que en su caso resulten de obligado cumplimiento. <br \/><span style=\"color: #e02b20;\">USO DEL PORTAL<\/span><br \/>www.sierrasan.es proporciona el acceso a multitud de informaciones, servicios, programas o datos (en adelante, \u00ablos <br \/>contenidos\u00bb) en Internet pertenecientes a SIERRASAN EQUIPAMIENTOS S.L. o a sus licenciantes a los que el USUARIO <br \/>pueda tener acceso. El USUARIO asume la responsabilidad del uso del portal. Dicha responsabilidad se extiende al registro que <br \/>fuese necesario para acceder a determinados servicios o contenidos. En dicho registro el USUARIO ser\u00e1 responsable de <br \/>aportar informaci\u00f3n veraz y l\u00edcita. Como consecuencia de este registro, al USUARIO se le puede proporcionar una contrase\u00f1a de <br \/>la que ser\u00e1 responsable, comprometi\u00e9ndose a hacer un uso diligente y confidencial de la misma. El USUARIO se compromete a <br \/>hacer un uso adecuado de los contenidos y servicios (como por ejemplo servicios de chat, foros de discusi\u00f3n o grupos de noticias) <br \/>que Nombre de la empresa creadora del sitio web ofrece a trav\u00e9s de su portal y con car\u00e1cter enunciativo pero no limitativo, a no <br \/>emplearlos para:<\/p>\n<p>(i) incurrir en actividades il\u00edcitas, ilegales o contrarias a la buena fe y al orden p\u00fablico;<\/p>\n<p>(ii) difundir contenidos o <br \/>propaganda de car\u00e1cter racista, xen\u00f3fobo, pornogr\u00e1fico-ilegal, de apolog\u00eda del terrorismo o atentatorio contra los derechos humanos; <br \/>(iii) provocar da\u00f1os en los sistemas f\u00edsicos y l\u00f3gicos de Nombre de la empresa creadora del sitio web , de sus proveedores o de <br \/>terceras personas, introducir o difundir en la red virus inform\u00e1ticos o cualesquiera otros sistemas f\u00edsicos o l\u00f3gicos que sean <br \/>susceptibles de provocar los da\u00f1os anteriormente mencionados;<\/p>\n<p>(iv) intentar acceder y, en su caso, utilizar las cuentas de correo electr\u00f3nico de otros usuarios y modificar o manipular sus mensajes. <br \/>Nombre de la empresa creadora del sitio web se reserva el derecho de retirar todos aquellos comentarios y aportaciones que vulneren <br \/>el respeto a la dignidad de la persona, que sean discriminatorios, xen\u00f3fobos, racistas, pornogr\u00e1ficos, que atenten contra la juventud o <br \/>la infancia, el orden o la seguridad p\u00fablica o que, a su juicio, no resultaran adecuados para su publicaci\u00f3n.<\/p>\n<p>En cualquier caso, SIERRASAN EQUIPAMIENTOS S.L. no ser\u00e1 responsable de las <br \/>opiniones vertidas por los usuarios a trav\u00e9s de los foros, chats, u <br \/>otras herramientas de participaci\u00f3n<\/p>\n<p>[\/et_pb_text][\/et_pb_column][\/et_pb_row][\/et_pb_section][et_pb_section fb_built=\u00bb1&#8243; disabled_on=\u00bboff|off|off\u00bb _builder_version=\u00bb4.14.9&#8243; _module_preset=\u00bbdefault\u00bb custom_margin=\u00bb40px||40px||true|false\u00bb custom_padding=\u00bb0px||0px||false|false\u00bb top_divider_height=\u00bb1px\u00bb top_divider_arrangement=\u00bbabove_content\u00bb hover_enabled=\u00bb0&#8243; da_disable_devices=\u00bboff|off|off\u00bb global_module=\u00bb52&#8243; saved_tabs=\u00bball\u00bb global_colors_info=\u00bb{}\u00bb sticky_enabled=\u00bb0&#8243; da_is_popup=\u00bboff\u00bb da_exit_intent=\u00bboff\u00bb da_has_close=\u00bbon\u00bb da_alt_close=\u00bboff\u00bb da_dark_close=\u00bboff\u00bb da_not_modal=\u00bbon\u00bb da_is_singular=\u00bboff\u00bb da_with_loader=\u00bboff\u00bb da_has_shadow=\u00bbon\u00bb][et_pb_row _builder_version=\u00bb4.14.9&#8243; _module_preset=\u00bbdefault\u00bb global_colors_info=\u00bb{}\u00bb][et_pb_column type=\u00bb4_4&#8243; _builder_version=\u00bb4.14.9&#8243; _module_preset=\u00bbdefault\u00bb global_colors_info=\u00bb{}\u00bb][et_pb_divider _builder_version=\u00bb4.14.9&#8243; _module_preset=\u00bbdefault\u00bb global_colors_info=\u00bb{}\u00bb][\/et_pb_divider][\/et_pb_column][\/et_pb_row][et_pb_row column_structure=\u00bb1_2,1_2&#8243; _builder_version=\u00bb4.14.9&#8243; _module_preset=\u00bbdefault\u00bb global_colors_info=\u00bb{}\u00bb][et_pb_column type=\u00bb1_2&#8243; _builder_version=\u00bb4.14.9&#8243; _module_preset=\u00bbdefault\u00bb custom_padding=\u00bb||43px|140px|false|false\u00bb global_colors_info=\u00bb{}\u00bb][et_pb_blurb title=\u00bbTelf. 674 070 393&#8243; content_tablet=\u00bb<\/p>\n<h1>Sierrasan<\/h1>\n<p>Calle Aleixandre, 4<\/p>\n<p>28033 &#8211; Madrid<\/p>\n<p><span style=\"%22color:\" #686868;%22><a href=\"\/en\/\"mailto:comercial@sierrasan.es\"\/\" style=\"%22color:\" #686868;%22>comercial@sierrasan.es<\/a><\/span><\/p>\n<\/p>\n<p>\u00bb content_phone=\u00bb<\/p>\n<h1 style=\"%22text-align:\" justify;%22>Sierrasan<\/h1>\n<p style=\"%22text-align:\" justify;%22>Calle Aleixandre, 4<\/p>\n<p style=\"%22text-align:\" justify;%22>28033 &#8211; Madrid<\/p>\n<p><span style=\"%22color:\" #686868;%22><a href=\"\/en\/\"mailto:comercial@sierrasan.es\"\/\" style=\"%22color:\" #686868;%22>comercial@sierrasan.es<\/a><\/span><\/p>\n<\/p>\n<p>\u00bb content_last_edited=\u00bbon|tablet\u00bb _builder_version=\u00bb4.14.9&#8243; _module_preset=\u00bbdefault\u00bb header_font=\u00bb|700|||||||\u00bb header_text_align=\u00bbleft\u00bb header_text_color=\u00bb#dd1f25&#8243; header_font_size=\u00bb23px\u00bb body_text_align=\u00bbleft\u00bb body_text_color=\u00bb#747370&#8243; body_font_size=\u00bb15px\u00bb body_line_height=\u00bb0.3em\u00bb text_orientation_tablet=\u00bbcenter\u00bb text_orientation_phone=\u00bbleft\u00bb text_orientation_last_edited=\u00bbon|tablet\u00bb global_colors_info=\u00bb{}\u00bb]<\/p>\n<h1 style=\"text-align: left;\">Sierrasan<\/h1>\n<p style=\"text-align: left;\">Calle Aleixandre, 4<\/p>\n<p style=\"text-align: left;\">28033 &#8211; Madrid<\/p>\n<p style=\"text-align: left;\"><span style=\"color: #686868;\"><a href=\"mailto:comercial@sierrasan.es\" style=\"color: #686868;\">comercial@sierrasan.es<\/a><\/span><\/p>\n<p>&nbsp;<\/p>\n<p>&nbsp;<\/p>\n<p>[\/et_pb_blurb][et_pb_text _builder_version=\u00bb4.14.9&#8243; _module_preset=\u00bbdefault\u00bb text_text_color=\u00bb#747370&#8243; text_font_size=\u00bb16px\u00bb global_colors_info=\u00bb{}\u00bb]<\/p>\n<p><span style=\"color: #747370;\"><a href=\"https:\/\/goo.gl\/maps\/5hxBrNbfPtinVYcS7\" target=\"_blank\" rel=\"noopener noreferrer\" style=\"color: #747370;\"><strong>GOOGLE MAPS<\/strong><\/a><\/span><\/p>\n<p>[\/et_pb_text][\/et_pb_column][et_pb_column type=\u00bb1_2&#8243; _builder_version=\u00bb4.14.9&#8243; _module_preset=\u00bbdefault\u00bb global_colors_info=\u00bb{}\u00bb][et_pb_text _builder_version=\u00bb4.14.9&#8243; _module_preset=\u00bbdefault\u00bb text_text_color=\u00bb#E02B20&#8243; text_line_height=\u00bb0.5em\u00bb text_orientation=\u00bbcenter\u00bb custom_margin=\u00bb||||false|false\u00bb global_colors_info=\u00bb{}\u00bb custom_margin__hover_enabled=\u00bboff|desktop\u00bb]<\/p>\n<p>&nbsp;<\/p>\n<p>&nbsp;<\/p>\n<p><span style=\"color: #e02b20;\"><a href=\"https:\/\/sierrasan.es\/en\/politica-de-privacidad\/\" style=\"color: #e02b20;\">Pol\u00edtica de Privacidad<\/a><\/span><\/p>\n<p><span style=\"color: #e02b20;\"><a href=\"https:\/\/sierrasan.es\/en\/aviso-legal\/\" style=\"color: #e02b20;\">Aviso Legal<\/a><\/span><\/p>\n<p>[\/et_pb_text][\/et_pb_column][\/et_pb_row][\/et_pb_section]<\/p>","protected":false},"excerpt":{"rendered":"<p>Aviso Legal &nbsp; DATOS IDENTIFICATIVOSEn cumplimiento con el deber de informaci\u00f3n recogido en art\u00edculo 10 de la Ley 34\/2002, de 11 de julio, de Servicios de la Sociedad de la Informaci\u00f3n y del Comercio Electr\u00f3nico, a continuaci\u00f3n se reflejan los siguientes datos: la empresa titular de dominio web es SIERRASAN EQUIPAMIENTOS S.L. con domicilio a [&hellip;]<\/p>","protected":false},"author":1,"featured_media":0,"parent":0,"menu_order":0,"comment_status":"closed","ping_status":"closed","template":"","meta":{"_et_pb_use_builder":"on","_et_pb_old_content":"","_et_gb_content_width":"","footnotes":""},"_links":{"self":[{"href":"https:\/\/sierrasan.es\/en\/wp-json\/wp\/v2\/pages\/599"}],"collection":[{"href":"https:\/\/sierrasan.es\/en\/wp-json\/wp\/v2\/pages"}],"about":[{"href":"https:\/\/sierrasan.es\/en\/wp-json\/wp\/v2\/types\/page"}],"author":[{"embeddable":true,"href":"https:\/\/sierrasan.es\/en\/wp-json\/wp\/v2\/users\/1"}],"replies":[{"embeddable":true,"href":"https:\/\/sierrasan.es\/en\/wp-json\/wp\/v2\/comments?post=599"}],"version-history":[{"count":5,"href":"https:\/\/sierrasan.es\/en\/wp-json\/wp\/v2\/pages\/599\/revisions"}],"predecessor-version":[{"id":640,"href":"https:\/\/sierrasan.es\/en\/wp-json\/wp\/v2\/pages\/599\/revisions\/640"}],"wp:attachment":[{"href":"https:\/\/sierrasan.es\/en\/wp-json\/wp\/v2\/media?parent=599"}],"curies":[{"name":"wp","href":"https:\/\/api.w.org\/{rel}","templated":true}]}}