{"id":22,"date":"2022-03-24T13:38:30","date_gmt":"2022-03-24T13:38:30","guid":{"rendered":"http:\/\/sierrasan.es\/?page_id=22"},"modified":"2022-09-23T07:19:01","modified_gmt":"2022-09-23T07:19:01","slug":"servicios","status":"publish","type":"page","link":"https:\/\/sierrasan.es\/en\/servicios\/","title":{"rendered":"Servicios"},"content":{"rendered":"<p>[et_pb_section fb_built=\u00bb1&#8243; fullwidth=\u00bbon\u00bb _builder_version=\u00bb4.14.9&#8243; _module_preset=\u00bbdefault\u00bb da_disable_devices=\u00bboff|off|off\u00bb global_colors_info=\u00bb{}\u00bb da_is_popup=\u00bboff\u00bb da_exit_intent=\u00bboff\u00bb da_has_close=\u00bbon\u00bb da_alt_close=\u00bboff\u00bb da_dark_close=\u00bboff\u00bb da_not_modal=\u00bbon\u00bb da_is_singular=\u00bboff\u00bb da_with_loader=\u00bboff\u00bb da_has_shadow=\u00bbon\u00bb][et_pb_fullwidth_image src=\u00bbhttp:\/\/sierrasan.es\/wp-content\/uploads\/2022\/09\/mobiliario-escolar.jpg\u00bb title_text=\u00bbmobiliario-escolar\u00bb _builder_version=\u00bb4.14.9&#8243; _module_preset=\u00bbdefault\u00bb hover_enabled=\u00bb0&#8243; global_colors_info=\u00bb{}\u00bb sticky_enabled=\u00bb0&#8243;][\/et_pb_fullwidth_image][\/et_pb_section][et_pb_section fb_built=\u00bb1&#8243; _builder_version=\u00bb4.14.9&#8243; _module_preset=\u00bbdefault\u00bb da_disable_devices=\u00bboff|off|off\u00bb global_colors_info=\u00bb{}\u00bb da_is_popup=\u00bboff\u00bb da_exit_intent=\u00bboff\u00bb da_has_close=\u00bbon\u00bb da_alt_close=\u00bboff\u00bb da_dark_close=\u00bboff\u00bb da_not_modal=\u00bbon\u00bb da_is_singular=\u00bboff\u00bb da_with_loader=\u00bboff\u00bb da_has_shadow=\u00bbon\u00bb][et_pb_row column_structure=\u00bb1_5,3_5,1_5&#8243; _builder_version=\u00bb4.14.9&#8243; _module_preset=\u00bbdefault\u00bb global_colors_info=\u00bb{}\u00bb][et_pb_column type=\u00bb1_5&#8243; _builder_version=\u00bb4.14.9&#8243; _module_preset=\u00bbdefault\u00bb global_colors_info=\u00bb{}\u00bb][\/et_pb_column][et_pb_column type=\u00bb3_5&#8243; _builder_version=\u00bb4.14.9&#8243; _module_preset=\u00bbdefault\u00bb global_colors_info=\u00bb{}\u00bb][et_pb_text module_id=\u00bbESPACIOSEDUCATIVOS\u00bb _builder_version=\u00bb4.14.9&#8243; _module_preset=\u00bbdefault\u00bb text_font=\u00bb||||||||\u00bb text_font_size=\u00bb17px\u00bb header_text_align=\u00bbleft\u00bb header_font_size=\u00bb40px\u00bb header_line_height=\u00bb120%\u00bb custom_margin=\u00bb||18px||false|false\u00bb header_font_size_tablet=\u00bb40px\u00bb header_font_size_phone=\u00bb150%\u00bb header_font_size_last_edited=\u00bbon|phone\u00bb global_colors_info=\u00bb{}\u00bb]<\/p>\n<h1>Planificamos el espacio<\/h1>\n<p>[\/et_pb_text][et_pb_text module_id=\u00bbESPACIOSEDUCATIVOS\u00bb _builder_version=\u00bb4.14.9&#8243; _module_preset=\u00bbdefault\u00bb text_font=\u00bb||||||||\u00bb text_font_size=\u00bb17px\u00bb text_line_height=\u00bb200%\u00bb header_text_align=\u00bbleft\u00bb header_font_size=\u00bb40px\u00bb custom_margin=\u00bb||6px|||\u00bb global_colors_info=\u00bb{}\u00bb]<\/p>\n<p>Desde Sierrasan te invitamos a invitamos a descubrir c\u00f3mo mejor los espacios educativos, consiguiendo la mejora en el aprendizaje de los alumnos. Una buena auditoria nos aporta valiosa informaci\u00f3n, ayud\u00e1ndonos en la toma de decisiones par ala planificaci\u00f3n de los espacios.<\/p>\n<p><strong>A continuaci\u00f3n te detallamos nuestros servicios:<\/strong><\/p>\n<p><strong><\/strong><\/p>\n<p>[\/et_pb_text][et_pb_text content_tablet=\u00bb<\/p>\n<p><span><strong>1. Mobiliario escolar<\/strong><\/span><\/p>\n<p>\u00bb content_phone=\u00bb<\/p>\n<p>1. Mobiliario escolar<\/p>\n<p>\u00bb content_last_edited=\u00bbon|phone\u00bb _builder_version=\u00bb4.14.9&#8243; _dynamic_attributes=\u00bblink_option_url\u00bb _module_preset=\u00bbdefault\u00bb text_font_size=\u00bb25px\u00bb text_line_height=\u00bb2em\u00bb link_option_url=\u00bb@ET-DC@eyJkeW5hbWljIjp0cnVlLCJjb250ZW50IjoicG9zdF9saW5rX3VybF9wcm9qZWN0Iiwic2V0dGluZ3MiOnsicG9zdF9pZCI6IjYzIn19@\u00bb link_option_url_new_window=\u00bbon\u00bb text_font_size_tablet=\u00bb25px\u00bb text_font_size_phone=\u00bb160%\u00bb text_font_size_last_edited=\u00bbon|phone\u00bb header_font_size_tablet=\u00bb\u00bb header_font_size_phone=\u00bb\u00bb header_font_size_last_edited=\u00bbon|phone\u00bb global_colors_info=\u00bb{}\u00bb content__hover_enabled=\u00bbon|hover\u00bb text_text_color__hover_enabled=\u00bbon|hover\u00bb content__hover=\u00bb<span><strong>1. Mobiliario escolar<\/strong><\/span>\u00bb text_text_color__hover=\u00bb#de565b\u00bb]<\/p>\n<p><span><strong>1. Mobiliario escolar<\/strong><\/span><\/p>\n<p>[\/et_pb_text][et_pb_text content_tablet=\u00bb<\/p>\n<p><strong>2. Material did\u00e1ctico<\/strong><\/p>\n<p>\u00bb content_phone=\u00bb<\/p>\n<p>2. Material did\u00e1ctico<\/p>\n<p>\u00bb content_last_edited=\u00bbon|phone\u00bb _builder_version=\u00bb4.14.9&#8243; _dynamic_attributes=\u00bblink_option_url\u00bb _module_preset=\u00bbdefault\u00bb text_font_size=\u00bb25px\u00bb text_line_height=\u00bb2em\u00bb link_option_url=\u00bb@ET-DC@eyJkeW5hbWljIjp0cnVlLCJjb250ZW50IjoicG9zdF9saW5rX3VybF9wcm9qZWN0Iiwic2V0dGluZ3MiOnsicG9zdF9pZCI6IjgzIn19@\u00bb link_option_url_new_window=\u00bbon\u00bb text_font_size_tablet=\u00bb25px\u00bb text_font_size_phone=\u00bb160%\u00bb text_font_size_last_edited=\u00bbon|phone\u00bb header_font_size_tablet=\u00bb\u00bb header_font_size_phone=\u00bb\u00bb header_font_size_last_edited=\u00bbon|phone\u00bb global_colors_info=\u00bb{}\u00bb content__hover_enabled=\u00bbon|desktop\u00bb text_text_color__hover_enabled=\u00bbon|hover\u00bb content__hover=\u00bb<strong>2. Material did\u00e1ctico<\/strong>\u00bb text_text_color__hover=\u00bb#de565b\u00bb]<\/p>\n<p><strong>2. Material did\u00e1ctico<\/strong><\/p>\n<p>[\/et_pb_text][et_pb_text content_tablet=\u00bb<\/p>\n<p><span><strong>3. Dotaciones para ciclos <\/strong><\/span><strong>formativos<\/strong><\/p>\n<p>\u00bb content_phone=\u00bb<\/p>\n<p>3. Dotaciones para ciclos formativos<\/p>\n<p>\u00bb content_last_edited=\u00bbon|phone\u00bb _builder_version=\u00bb4.14.9&#8243; _dynamic_attributes=\u00bblink_option_url\u00bb _module_preset=\u00bbdefault\u00bb text_font_size=\u00bb25px\u00bb text_line_height=\u00bb2em\u00bb link_option_url=\u00bb@ET-DC@eyJkeW5hbWljIjp0cnVlLCJjb250ZW50IjoicG9zdF9saW5rX3VybF9wcm9qZWN0Iiwic2V0dGluZ3MiOnsicG9zdF9pZCI6IjExMSJ9fQ==@\u00bb link_option_url_new_window=\u00bbon\u00bb text_font_size_tablet=\u00bb25px\u00bb text_font_size_phone=\u00bb160%\u00bb text_font_size_last_edited=\u00bbon|phone\u00bb header_font_size_tablet=\u00bb\u00bb header_font_size_phone=\u00bb\u00bb header_font_size_last_edited=\u00bbon|phone\u00bb global_colors_info=\u00bb{}\u00bb content__hover_enabled=\u00bbon|hover\u00bb text_text_color__hover_enabled=\u00bbon|hover\u00bb content__hover=\u00bb<\/p>\n<p><span><strong>3. Dotaciones para ciclos <\/strong><\/span><strong>formativos<\/strong><\/p>\n<p>\u00bb text_text_color__hover=\u00bb#de565b\u00bb]<\/p>\n<p><span><strong>3. Dotaciones para ciclos <\/strong><\/span><strong>formativos<\/strong><\/p>\n<p>[\/et_pb_text][et_pb_text content_tablet=\u00bb<\/p>\n<p><span><strong>4. Auditor\u00edas escolares<\/strong><\/span><\/p>\n<p>\u00bb content_phone=\u00bb<\/p>\n<p>4. Auditor\u00edas escolares<\/p>\n<p>\u00bb content_last_edited=\u00bbon|phone\u00bb _builder_version=\u00bb4.14.9&#8243; _dynamic_attributes=\u00bblink_option_url\u00bb _module_preset=\u00bbdefault\u00bb text_font_size=\u00bb25px\u00bb text_line_height=\u00bb2em\u00bb link_option_url=\u00bb@ET-DC@eyJkeW5hbWljIjp0cnVlLCJjb250ZW50IjoicG9zdF9saW5rX3VybF9wcm9qZWN0Iiwic2V0dGluZ3MiOnsicG9zdF9pZCI6IjEzOCJ9fQ==@\u00bb text_font_size_tablet=\u00bb25px\u00bb text_font_size_phone=\u00bb160%\u00bb text_font_size_last_edited=\u00bbon|phone\u00bb header_font_size_tablet=\u00bb\u00bb header_font_size_phone=\u00bb\u00bb header_font_size_last_edited=\u00bbon|phone\u00bb global_colors_info=\u00bb{}\u00bb content__hover_enabled=\u00bbon|hover\u00bb text_text_color__hover_enabled=\u00bbon|hover\u00bb content__hover=\u00bb<\/p>\n<p><span><strong>4. Auditor\u00edas escolares<\/strong><\/span><\/p>\n<p>\u00bb text_text_color__hover=\u00bb#de565b\u00bb]<\/p>\n<p><span><strong>4. Auditor\u00edas escolares<\/strong><\/span><\/p>\n<p>[\/et_pb_text][\/et_pb_column][et_pb_column type=\u00bb1_5&#8243; _builder_version=\u00bb4.14.9&#8243; _module_preset=\u00bbdefault\u00bb global_colors_info=\u00bb{}\u00bb][\/et_pb_column][\/et_pb_row][\/et_pb_section][et_pb_section fb_built=\u00bb1&#8243; disabled_on=\u00bboff|off|off\u00bb _builder_version=\u00bb4.14.9&#8243; _module_preset=\u00bbdefault\u00bb custom_margin=\u00bb40px||40px||true|false\u00bb custom_padding=\u00bb0px||0px||false|false\u00bb top_divider_height=\u00bb1px\u00bb top_divider_arrangement=\u00bbabove_content\u00bb da_disable_devices=\u00bboff|off|off\u00bb global_module=\u00bb52&#8243; saved_tabs=\u00bball\u00bb global_colors_info=\u00bb{}\u00bb da_is_popup=\u00bboff\u00bb da_exit_intent=\u00bboff\u00bb da_has_close=\u00bbon\u00bb da_alt_close=\u00bboff\u00bb da_dark_close=\u00bboff\u00bb da_not_modal=\u00bbon\u00bb da_is_singular=\u00bboff\u00bb da_with_loader=\u00bboff\u00bb da_has_shadow=\u00bbon\u00bb][et_pb_row _builder_version=\u00bb4.14.9&#8243; _module_preset=\u00bbdefault\u00bb global_colors_info=\u00bb{}\u00bb][et_pb_column type=\u00bb4_4&#8243; _builder_version=\u00bb4.14.9&#8243; _module_preset=\u00bbdefault\u00bb global_colors_info=\u00bb{}\u00bb][et_pb_divider _builder_version=\u00bb4.14.9&#8243; _module_preset=\u00bbdefault\u00bb global_colors_info=\u00bb{}\u00bb][\/et_pb_divider][\/et_pb_column][\/et_pb_row][et_pb_row column_structure=\u00bb1_2,1_2&#8243; _builder_version=\u00bb4.14.9&#8243; _module_preset=\u00bbdefault\u00bb global_colors_info=\u00bb{}\u00bb][et_pb_column type=\u00bb1_2&#8243; _builder_version=\u00bb4.14.9&#8243; _module_preset=\u00bbdefault\u00bb custom_padding=\u00bb||43px|140px|false|false\u00bb custom_padding_tablet=\u00bb\u00bb custom_padding_phone=\u00bb||43px|0px|false|false\u00bb custom_padding_last_edited=\u00bbon|phone\u00bb global_colors_info=\u00bb{}\u00bb][et_pb_blurb title=\u00bbTelf. 674 070 393&#8243; content_tablet=\u00bb<\/p>\n<h1>Sierrasan<\/h1>\n<p>Calle Aleixandre, 4<\/p>\n<p>28033 &#8211; Madrid<\/p>\n<p><span style=\"%22color:\" #686868;%22><a href=\"\/en\/\"mailto:comercial@sierrasan.es\"\/\" style=\"%22color:\" #686868;%22>comercial@sierrasan.es<\/a><\/span><\/p>\n<\/p>\n<p>\u00bb content_phone=\u00bb<\/p>\n<h1 style=\"%22text-align:\" center;%22>Sierrasan<\/h1>\n<p style=\"%22text-align:\" center;%22>Calle Aleixandre, 4<\/p>\n<p style=\"%22text-align:\" center;%22>28033 &#8211; Madrid<\/p>\n<p style=\"%22text-align:\" center;%22><span style=\"%22color:\" #686868;%22><a href=\"\/en\/\"mailto:comercial@sierrasan.es\"\/\" style=\"%22color:\" #686868;%22>comercial@sierrasan.es<\/a><\/span><\/p>\n<p>\u00bb content_last_edited=\u00bbon|tablet\u00bb content_max_width_tablet=\u00bb\u00bb content_max_width_phone=\u00bb215px\u00bb content_max_width_last_edited=\u00bbon|phone\u00bb _builder_version=\u00bb4.14.9&#8243; _module_preset=\u00bbdefault\u00bb header_font=\u00bb|700|||||||\u00bb header_text_align=\u00bbleft\u00bb header_text_color=\u00bb#dd1f25&#8243; header_font_size=\u00bb23px\u00bb body_text_align=\u00bbleft\u00bb body_text_color=\u00bb#747370&#8243; body_font_size=\u00bb15px\u00bb body_line_height=\u00bb0.3em\u00bb width_tablet=\u00bb\u00bb width_phone=\u00bb\u00bb width_last_edited=\u00bbon|phone\u00bb header_text_align_tablet=\u00bb\u00bb header_text_align_phone=\u00bbcenter\u00bb header_text_align_last_edited=\u00bbon|phone\u00bb body_text_align_tablet=\u00bb\u00bb body_text_align_phone=\u00bbcenter\u00bb body_text_align_last_edited=\u00bbon|phone\u00bb text_orientation_tablet=\u00bbcenter\u00bb text_orientation_phone=\u00bbcenter\u00bb text_orientation_last_edited=\u00bbon|tablet\u00bb module_alignment_tablet=\u00bb\u00bb module_alignment_phone=\u00bbleft\u00bb module_alignment_last_edited=\u00bbon|phone\u00bb global_colors_info=\u00bb{}\u00bb]<\/p>\n<h1 style=\"text-align: left;\">Sierrasan<\/h1>\n<p style=\"text-align: left;\">Calle Aleixandre, 4<\/p>\n<p style=\"text-align: left;\">28033 &#8211; Madrid<\/p>\n<p style=\"text-align: left;\"><span style=\"color: #686868;\"><a href=\"mailto:comercial@sierrasan.es\" style=\"color: #686868;\">comercial@sierrasan.es<\/a><\/span><\/p>\n<p>&nbsp;<\/p>\n<p>&nbsp;<\/p>\n<p>[\/et_pb_blurb][et_pb_text _builder_version=\u00bb4.14.9&#8243; _module_preset=\u00bbdefault\u00bb text_text_color=\u00bb#747370&#8243; text_font_size=\u00bb16px\u00bb text_orientation_tablet=\u00bb\u00bb text_orientation_phone=\u00bbcenter\u00bb text_orientation_last_edited=\u00bbon|phone\u00bb global_colors_info=\u00bb{}\u00bb]<\/p>\n<p><span style=\"color: #747370;\"><a href=\"https:\/\/goo.gl\/maps\/5hxBrNbfPtinVYcS7\" target=\"_blank\" rel=\"noopener noreferrer\" style=\"color: #747370;\"><strong>GOOGLE MAPS<\/strong><\/a><\/span><\/p>\n<p>[\/et_pb_text][\/et_pb_column][et_pb_column type=\u00bb1_2&#8243; _builder_version=\u00bb4.14.9&#8243; _module_preset=\u00bbdefault\u00bb global_colors_info=\u00bb{}\u00bb][et_pb_text _builder_version=\u00bb4.14.9&#8243; _module_preset=\u00bbdefault\u00bb text_text_color=\u00bb#E02B20&#8243; text_line_height=\u00bb0.5em\u00bb text_orientation=\u00bbcenter\u00bb custom_margin=\u00bb||||false|false\u00bb global_colors_info=\u00bb{}\u00bb custom_margin__hover_enabled=\u00bboff|desktop\u00bb]<\/p>\n<p>&nbsp;<\/p>\n<p>&nbsp;<\/p>\n<p><span style=\"color: #e02b20;\"><a href=\"https:\/\/sierrasan.es\/en\/politica-de-privacidad\/\" style=\"color: #e02b20;\">Pol\u00edtica de Privacidad<\/a><\/span><\/p>\n<p><span style=\"color: #e02b20;\"><a href=\"https:\/\/sierrasan.es\/en\/aviso-legal\/\" style=\"color: #e02b20;\">Aviso Legal<\/a><\/span><\/p>\n<p>[\/et_pb_text][\/et_pb_column][\/et_pb_row][\/et_pb_section]<\/p>","protected":false},"excerpt":{"rendered":"<p>Planificamos el espacioDesde Sierrasan te invitamos a invitamos a descubrir c\u00f3mo mejor los espacios educativos, consiguiendo la mejora en el aprendizaje de los alumnos. Una buena auditoria nos aporta valiosa informaci\u00f3n, ayud\u00e1ndonos en la toma de decisiones par ala planificaci\u00f3n de los espacios. A continuaci\u00f3n te detallamos nuestros servicios: 1. Mobiliario escolar2. Material did\u00e1ctico3. Dotaciones [&hellip;]<\/p>","protected":false},"author":1,"featured_media":0,"parent":0,"menu_order":0,"comment_status":"closed","ping_status":"closed","template":"","meta":{"_et_pb_use_builder":"on","_et_pb_old_content":"","_et_gb_content_width":"","footnotes":""},"_links":{"self":[{"href":"https:\/\/sierrasan.es\/en\/wp-json\/wp\/v2\/pages\/22"}],"collection":[{"href":"https:\/\/sierrasan.es\/en\/wp-json\/wp\/v2\/pages"}],"about":[{"href":"https:\/\/sierrasan.es\/en\/wp-json\/wp\/v2\/types\/page"}],"author":[{"embeddable":true,"href":"https:\/\/sierrasan.es\/en\/wp-json\/wp\/v2\/users\/1"}],"replies":[{"embeddable":true,"href":"https:\/\/sierrasan.es\/en\/wp-json\/wp\/v2\/comments?post=22"}],"version-history":[{"count":16,"href":"https:\/\/sierrasan.es\/en\/wp-json\/wp\/v2\/pages\/22\/revisions"}],"predecessor-version":[{"id":795,"href":"https:\/\/sierrasan.es\/en\/wp-json\/wp\/v2\/pages\/22\/revisions\/795"}],"wp:attachment":[{"href":"https:\/\/sierrasan.es\/en\/wp-json\/wp\/v2\/media?parent=22"}],"curies":[{"name":"wp","href":"https:\/\/api.w.org\/{rel}","templated":true}]}}