{"id":160,"date":"2022-03-24T18:20:05","date_gmt":"2022-03-24T18:20:05","guid":{"rendered":"http:\/\/sierrasan.es\/?page_id=160"},"modified":"2022-10-17T10:08:29","modified_gmt":"2022-10-17T10:08:29","slug":"politica-de-privacidad","status":"publish","type":"page","link":"https:\/\/sierrasan.es\/en\/politica-de-privacidad\/","title":{"rendered":"Pol\u00edtica de Privacidad"},"content":{"rendered":"<p>[et_pb_section fb_built=\u00bb1&#8243; _builder_version=\u00bb4.14.9&#8243; _module_preset=\u00bbdefault\u00bb da_disable_devices=\u00bboff|off|off\u00bb global_colors_info=\u00bb{}\u00bb da_is_popup=\u00bboff\u00bb da_exit_intent=\u00bboff\u00bb da_has_close=\u00bbon\u00bb da_alt_close=\u00bboff\u00bb da_dark_close=\u00bboff\u00bb da_not_modal=\u00bbon\u00bb da_is_singular=\u00bboff\u00bb da_with_loader=\u00bboff\u00bb da_has_shadow=\u00bbon\u00bb][et_pb_row _builder_version=\u00bb4.14.9&#8243; _module_preset=\u00bbdefault\u00bb global_colors_info=\u00bb{}\u00bb][et_pb_column type=\u00bb4_4&#8243; _builder_version=\u00bb4.14.9&#8243; _module_preset=\u00bbdefault\u00bb global_colors_info=\u00bb{}\u00bb][et_pb_text _builder_version=\u00bb4.14.9&#8243; _module_preset=\u00bbdefault\u00bb text_line_height=\u00bb2em\u00bb header_text_color=\u00bb#E02B20&#8243; header_2_text_color=\u00bb#E02B20&#8243; hover_enabled=\u00bb0&#8243; global_colors_info=\u00bb{}\u00bb sticky_enabled=\u00bb0&#8243;]<\/p>\n<h1>Pol\u00edtica de Privacidad<\/h1>\n<p style=\"text-align: justify;\"><span style=\"color: #e02b20;\">IDENTIFICACI\u00d3N<\/span><br \/>Titular: Pol\u00edtica de Privacidad<br \/><span style=\"color: #e02b20;\">IDENTIFICACI\u00d3N<\/span><br \/>Titular: SIERRASAN EQUIPAMIENTOS S.L. Domicilio social: Calle<br \/>Aleixandre, 4 28033 Madrid<br \/>N.I.F.: B-82888637 E-mail: comercial@sierrasan.es<br \/><span style=\"color: #e02b20;\">INFORMACI\u00d3N Y CONSENTIMIENTO<\/span><br \/>De conformidad con lo dispuesto en la Ley Org\u00e1nica 3\/2018, de Protecci\u00f3n de Datos de Car\u00e1cter Personal y Garant\u00eda de los Derechos Digitales (en adelante, \u00abLOPDGDD\u00bb), y teniendo presente el Reglamento UE 679\/2015 de protecci\u00f3n de Datos, mediante la aceptaci\u00f3n de la presente Pol\u00edtica de Privacidad el Usuario (en adelante, el \u00abUsuario\u00bb) presta su consentimiento informado, expreso, libre e inequ\u00edvoco para que los datos personales recabados a trav\u00e9s del Sitio Web www.elwe.es (en adelante, el \u00abSitio Web\u00bb) sean incluidos en un fichero titularidad de SIERRASAN EQUIPAMIENTOS S.L. debidamente inscrito ante la Agencia Espa\u00f1ola de Protecci\u00f3n de Datos, y respecto del que se garantiza que han sido aplicadas las medidas de seguridad, tanto organizativas como t\u00e9cnicas, requeridas por el Real Decreto 1720\/2007 (en adelante, \u00abRLOPD\u00bb).<br \/>Todos los datos personales solicitados al Usuario en el Sitio Web son obligatorios, no siendo posible el acceso o registro en Sitio Web si no se facilitan dichos datos. Asimismo, cuando los datos personales sean recabados a trav\u00e9s de formularios que se puedan habilitar en el Sitio Web con motivo del desarrollo de su actividad, ser\u00e1 necesario que el Usuario aporte, al menos, aquellos marcados con un asterisco ya que, si no se suministrasen esos datos considerados necesarios, no podremos prestar el servicio al Usuario a trav\u00e9s del Sitio Web.<br \/>El Usuario garantiza que los datos personales facilitados a SIERRASAN EQUIPAMIENTOS S.L. son ciertos y exactos, con lo que SIERRASAN EQUIPAMIENTOS S.L. no se har\u00e1 responsable de cualquier incidencia derivada de la inexactitud o falsedad de la informaci\u00f3n proporcionada por los Usuarios.<br \/>El Usuario, como \u00fanico responsable del tratamiento, ser\u00e1 responsable de cumplir con toda la normativa de protecci\u00f3n de datos aplicable. Adem\u00e1s, el Usuario acepta obtener todos los consentimientos, autorizaciones y\/o aprobaciones legalmente necesarias antes de incluir datos personales en el Sitio Web o<br \/>utilizar el Sitio Web.<br \/><span style=\"color: #e02b20;\">FINALIDAD DEL TRATAMIENTO<\/span><br \/>Los datos personales del Usuario o de terceros que sean cedidos por el Usuario ser\u00e1n tratados por SIERRASAN EQUIPAMIENTOS<br \/>S.L. a trav\u00e9s de Sitio Web \u00fanicamente para las siguientes finalidades:<\/p>\n<ul style=\"text-align: justify;\">\n<li>Llevar a cabo las funcionalidades del Sitio Web destinadas a la prestaci\u00f3n de los servicios ofrecidos en el mismo.<\/li>\n<li>Dar cumplimiento a las obligaciones legalmente establecidas.<\/li>\n<li>Env\u00edo de correos informando de novedades o informaciones relevantes<\/li>\n<li>En ning\u00fan caso realizaremos alguna de las siguientes actividades:<\/li>\n<\/ul>\n<ol style=\"text-align: justify;\">\n<li>Ceder los datos a otras personas o entidades, sin el consentimiento previo de los Usuarios.<\/li>\n<li>Transferirlos a otros Estados, sin el consentimiento previo de los Usuarios<\/li>\n<\/ol>\n<p style=\"text-align: justify;\"><span style=\"color: #e02b20;\">DATOS DEL USUARIO<\/span><br \/>El Usuario garantiza que los datos aportados son verdaderos, exactos, completos y actualizados, siendo \u00e9ste responsable de cualquier da\u00f1o o perjuicio, directo o indirecto, que pudiera ocasionarse como consecuencia del incumplimiento de tal obligaci\u00f3n.<br \/>En el caso de que los datos aportados pertenecieran a un tercero, el Usuario garantiza que ha informado a dicho tercero de los aspectos contenidos en este documento y obtenido su autorizaci\u00f3n para facilitar sus datos al responsable para los fines anteriormente se\u00f1alados.<br \/>SIERRASAN EQUIPAMIENTOS S.L. no puede garantizar la absoluta invulnerabilidad de los sistemas, por tanto, no asume ninguna responsabilidad por los da\u00f1os y perjuicios derivados de alteraciones que terceros puedan causar en los sistemas inform\u00e1ticos, documentos electr\u00f3nicos o ficheros.<br \/><span style=\"color: #e02b20;\">POL\u00cdTICA DE COOKIES<\/span><br \/>De conformidad con lo dispuesto por la Ley Org\u00e1nica 3\/2018 de 5 de diciembre, de Protecci\u00f3n de Datos de Car\u00e1cter Personal y la Ley 34\/2002, de Servicios de la Sociedad de la Informaci\u00f3n, todos los datos de car\u00e1cter personal obtenidos mediante las cookies durante la utilizaci\u00f3n de Sitio Web, ser\u00e1n tratados de conformidad con los dispuesto en la Pol\u00edtica de Cookies.<br \/><span style=\"color: #e02b20;\">EJERCICIO DE DERECHOS<\/span><br \/>De conformidad con lo dispuesto en la LOPDGDD, le informamos que puede ejercer sus derechos de acceso, rectificaci\u00f3n, cancelaci\u00f3n, oposici\u00f3n, limitaci\u00f3n y portabilidad, solicit\u00e1ndolo por escrito a trav\u00e9s de cualquiera de los medios siguientes, adjuntando en todo caso una copia de documento acreditativo de su identidad<br \/>y concretando el derecho o derechos que desea ejercer, directamente a SIERRASAN EQUIPAMIENTOS S.L. a trav\u00e9s del siguiente e-mail: comercial@sierrasan.es<br \/><span style=\"color: #e02b20;\">ACEPTACI\u00d3N DE LA POL\u00cdTICA DE PRIVACIDAD<\/span><br \/>El Usuario reconoce y acepta haber le\u00eddo y comprendido la presente Pol\u00edtica de Privacidad cuyo contenido constituye la totalidad del acuerdo entre el Usuario y SIERRASAN EQUIPAMIENTOS S.L. con respecto al uso y tratamiento de su informaci\u00f3n personal dentro del Sitio Web.<br \/>El Usuario expresamente acepta obligarse en los t\u00e9rminos de la presente Pol\u00edtica de Privacidad, en toda su extensi\u00f3n y alcance, sin exceptuar cualquiera de sus disposiciones.<br \/>Adem\u00e1s de las disposiciones contenidas en la presente Pol\u00edtica de Privacidad, el Usuario se obliga a dar cumplimiento a al Aviso legal.<br \/>SIERRASAN EQUIPAMIENTOS S.L. se reserva el derecho de actualizar y realizar cambios en la Pol\u00edtica de Privacidad incluso sin mediar notificaci\u00f3n previa al Usuario. Tales modificaciones deber\u00e1n hacerse efectivas en el momento de su publicaci\u00f3n en el Sitio Web, donde estar\u00e1n disponible para el Usuario en todo momento. En este sentido, recomendamos al Usuario consultar regularmente el<br \/>contenido de la Pol\u00edtica de Privacidad para estar al tanto de cualquier modificaci\u00f3n que afecte al procesamiento de datos dentro del Sitio Web.<\/p>\n<p style=\"text-align: justify;\">Domicilio social: Calle Aleixandre, 4<\/p>\n<p style=\"text-align: justify;\">28033 Madrid<\/p>\n<p style=\"text-align: justify;\">N.I.F.: B-82888637<\/p>\n<p style=\"text-align: justify;\">E-mail: <a href=\"mailto:comercial@sierrasan.es\">comercial@sierrasan.es<\/a><\/p>\n<p style=\"text-align: justify;\"><span style=\"color: #e02b20;\">INFORMACI\u00d3N Y CONSENTIMIENTO<\/span><br \/>De conformidad con lo dispuesto en la Ley Org\u00e1nica 3\/2018, de Protecci\u00f3n de Datos de Car\u00e1cter Personal y Garant\u00eda de losDerechos Digitales (en adelante, \u00abLOPDGDD\u00bb), y teniendo presente el Reglamento UE 679\/2015 de Protecci\u00f3n de Datos, mediante la aceptaci\u00f3n de la presente Pol\u00edtica de Privacidad el<br \/>Usuario (en adelante, el \u00abUsuario\u00bb) presta su consentimiento informado, expreso, libre e inequ\u00edvoco para que los datos personales recabados a trav\u00e9s del Sitio Web www.elwe.es (enadelante, el \u00abSitio Web\u00bb) sean incluidos en un fichero titularidad de SIERRASAN EQUIPAMIENTOS S.L. debidamente inscrito ante la Agencia Espa\u00f1ola de Protecci\u00f3n de Datos, y respecto del que se garantiza que han sido aplicadas las medidas de seguridad, tanto organizativas como t\u00e9cnicas, requeridas por el Real Decreto 1720\/2007 (en adelante, \u00abRLOPD\u00bb).<br \/>Todos los datos personales solicitados al Usuario en el Sitio Web son obligatorios, no siendo posible el acceso o registro en Sitio Web si no se facilitan dichos datos.<br \/>Asimismo, cuando los datos personales sean recabados a trav\u00e9s de formularios que se puedan habilitar en el Sitio Web con motivo del desarrollo de su actividad, ser\u00e1 necesario que el Usuario aporte, al menos, aquellos marcados con un asterisco ya que, si no se suministrasen esos datos considerados necesarios, no<br \/>podremos prestar el servicio al Usuario a trav\u00e9s del Sitio Web.<br \/>El Usuario garantiza que los datos personales facilitados a SIERRASAN EQUIPAMIENTOS S.L. son ciertos y exactos, con lo que SIERRASAN EQUIPAMIENTOS S.L. no se har\u00e1 responsable de cualquier incidencia derivada de la inexactitud o falsedad de la informaci\u00f3n proporcionada por los Usuarios.<br \/>El Usuario, como \u00fanico responsable del tratamiento, ser\u00e1 responsable de cumplir con toda la normativa de protecci\u00f3n de datos aplicable. Adem\u00e1s, el Usuario acepta obtener todos los consentimientos, autorizaciones y\/o aprobaciones legalmente necesarias antes de incluir datos personales en el Sitio Web o<br \/>utilizar el Sitio Web.<br \/>FINALIDAD DEL TRATAMIENTO<br \/>Los datos personales del Usuario o de terceros que sean cedidos por el Usuario ser\u00e1n tratados por SIERRASAN EQUIPAMIENTOS<br \/>S.L. a trav\u00e9s de Sitio Web \u00fanicamente para las siguientes finalidades:<\/p>\n<ul style=\"text-align: justify;\">\n<li>Llevar a cabo las funcionalidades del Sitio Web destinadas a la prestaci\u00f3n de los servicios ofrecidos en el mismo.<\/li>\n<li>Dar cumplimiento a las obligaciones legalmente establecidas.<\/li>\n<li>Env\u00edo de correos informando de novedades o informaciones relevantes<\/li>\n<li>En ning\u00fan caso realizaremos alguna de las siguientes actividades:<\/li>\n<li>Ceder los datos a otras personas o entidades, sin el consentimiento previo de los Usuarios.<\/li>\n<li>Transferirlos a otros Estados, sin el consentimiento previo de los Usuarios.<\/li>\n<\/ul>\n<p style=\"text-align: justify;\"><span style=\"color: #e02b20;\">DATOS DEL USUARIO<\/span><br \/>El Usuario garantiza que los datos aportados son verdaderos, exactos, completos y actualizados, siendo \u00e9ste responsable de cualquier da\u00f1o o perjuicio, directo o indirecto, que pudiera ocasionarse como consecuencia del incumplimiento de tal obligaci\u00f3n.<br \/>En el caso de que los datos aportados pertenecieran a un tercero, el Usuario garantiza que ha informado a dicho tercero de los aspectos contenidos en este documento y obtenido su autorizaci\u00f3n para facilitar sus datos al responsable para los fines anteriormente se\u00f1alados.<br \/>SIERRASAN EQUIPAMIENTOS S.L. no puede garantizar la absoluta invulnerabilidad de los sistemas, por tanto, no asume ninguna responsabilidad por los da\u00f1os y perjuicios derivados de alteraciones que terceros puedan causar en los sistemas inform\u00e1ticos, documentos electr\u00f3nicos o ficheros.<\/p>\n<p style=\"text-align: justify;\"><span style=\"color: #e02b20;\">POL\u00cdTICA DE COOKIES<\/span><br \/>De conformidad con lo dispuesto por la Ley Org\u00e1nica 3\/2018 de 5 de diciembre, de Protecci\u00f3n de Datos de Car\u00e1cter Personal y la Ley 34\/2002, de Servicios de la Sociedad de la Informaci\u00f3n, todos los datos de car\u00e1cter personal obtenidos mediante las cookies durante la utilizaci\u00f3n de Sitio Web, ser\u00e1n tratados de conformidad<br \/>con los dispuesto en la Pol\u00edtica de Cookies.<br \/><span style=\"color: #e02b20;\">EJERCICIO DE DERECHOS<\/span><br \/>De conformidad con lo dispuesto en la LOPDGDD, le informamos que puede ejercer sus derechos de acceso, rectificaci\u00f3n, cancelaci\u00f3n, oposici\u00f3n, limitaci\u00f3n y portabilidad, solicit\u00e1ndolo por escrito a trav\u00e9s de cualquiera de los medios siguientes, adjuntando en todo caso una copia de documento acreditativo de su identidad y concretando el derecho o derechos que desea ejercer, directamente a SIERRASAN EQUIPAMIENTOS S.L. a trav\u00e9s del siguiente e-mail: comercial@sierrasan.es<br \/><span style=\"color: rgba(255, 255, 255, 0);\"><span style=\"color: #e02b20;\">ACEPTACI\u00d3N DE LA POL\u00cdTICA DE PRIVACIDAD<\/span><\/span><br \/>El Usuario reconoce y acepta haber le\u00eddo y comprendido la presente Pol\u00edtica de Privacidad cuyo contenido constituye la totalidad del acuerdo entre el Usuario y SIERRASAN EQUIPAMIENTOS S.L. con respecto al uso y tratamiento de su informaci\u00f3n personal dentro del Sitio Web.<br \/>El Usuario expresamente acepta obligarse en los t\u00e9rminos de la presente Pol\u00edtica de Privacidad, en toda su extensi\u00f3n y alcance, sin exceptuar cualquiera de sus disposiciones. Adem\u00e1s de las disposiciones contenidas en la presente Pol\u00edtica de Privacidad, el Usuario se obliga a dar cumplimiento a al Aviso legal.<br \/>SIERRASAN EQUIPAMIENTOS S.L. se reserva el derecho de actualizar y realizar cambios en la Pol\u00edtica de Privacidad incluso sin mediar notificaci\u00f3n previa al Usuario. Tales modificaciones deber\u00e1n hacerse efectivas en el momento de su publicaci\u00f3n en el Sitio Web, donde estar\u00e1n disponible para el Usuario en todo momento. En este sentido, recomendamos al Usuario consultar regularmente el contenido de la Pol\u00edtica de Privacidad para estar al tanto de cualquier modificaci\u00f3n que afecte al procesamiento de datos dentro del Sitio Web<\/p>\n<p>[\/et_pb_text][\/et_pb_column][\/et_pb_row][\/et_pb_section][et_pb_section fb_built=\u00bb1&#8243; prev_background_color=\u00bb#000000&#8243; disabled_on=\u00bboff|off|off\u00bb _builder_version=\u00bb4.14.9&#8243; _module_preset=\u00bbdefault\u00bb custom_margin=\u00bb40px||40px||true|false\u00bb custom_padding=\u00bb0px||0px||false|false\u00bb top_divider_style=\u00bbcurve\u00bb top_divider_height=\u00bb1px\u00bb top_divider_arrangement=\u00bbabove_content\u00bb da_disable_devices=\u00bboff|off|off\u00bb global_module=\u00bb52&#8243; saved_tabs=\u00bball\u00bb global_colors_info=\u00bb{}\u00bb da_is_popup=\u00bboff\u00bb da_exit_intent=\u00bboff\u00bb da_has_close=\u00bbon\u00bb da_alt_close=\u00bboff\u00bb da_dark_close=\u00bboff\u00bb da_not_modal=\u00bbon\u00bb da_is_singular=\u00bboff\u00bb da_with_loader=\u00bboff\u00bb da_has_shadow=\u00bbon\u00bb][et_pb_row _builder_version=\u00bb4.14.9&#8243; _module_preset=\u00bbdefault\u00bb global_colors_info=\u00bb{}\u00bb][et_pb_column type=\u00bb4_4&#8243; _builder_version=\u00bb4.14.9&#8243; _module_preset=\u00bbdefault\u00bb global_colors_info=\u00bb{}\u00bb][et_pb_divider _builder_version=\u00bb4.14.9&#8243; _module_preset=\u00bbdefault\u00bb global_colors_info=\u00bb{}\u00bb][\/et_pb_divider][\/et_pb_column][\/et_pb_row][et_pb_row column_structure=\u00bb1_2,1_2&#8243; _builder_version=\u00bb4.14.9&#8243; _module_preset=\u00bbdefault\u00bb global_colors_info=\u00bb{}\u00bb][et_pb_column type=\u00bb1_2&#8243; _builder_version=\u00bb4.14.9&#8243; _module_preset=\u00bbdefault\u00bb custom_padding=\u00bb||43px|140px|false|false\u00bb global_colors_info=\u00bb{}\u00bb][et_pb_blurb title=\u00bbTelf. 674 070 393&#8243; content_tablet=\u00bb<\/p>\n<h1>Sierrasan<\/h1>\n<p>Calle Aleixandre, 4<\/p>\n<p>28033 &#8211; Madrid<\/p>\n<p><span style=\"%22color:\" #686868;%22><a href=\"\/en\/\"mailto:comercial@sierrasan.es\"\/\" style=\"%22color:\" #686868;%22>comercial@sierrasan.es<\/a><\/span><\/p>\n<\/p>\n<p>\u00bb content_phone=\u00bb<\/p>\n<h1 style=\"%22text-align:\" justify;%22>Sierrasan<\/h1>\n<p style=\"%22text-align:\" justify;%22>Calle Aleixandre, 4<\/p>\n<p style=\"%22text-align:\" justify;%22>28033 &#8211; Madrid<\/p>\n<p><span style=\"%22color:\" #686868;%22><a href=\"\/en\/\"mailto:comercial@sierrasan.es\"\/\" style=\"%22color:\" #686868;%22>comercial@sierrasan.es<\/a><\/span><\/p>\n<\/p>\n<p>\u00bb content_last_edited=\u00bbon|tablet\u00bb _builder_version=\u00bb4.14.9&#8243; _module_preset=\u00bbdefault\u00bb header_font=\u00bb|700|||||||\u00bb header_text_align=\u00bbleft\u00bb header_text_color=\u00bb#dd1f25&#8243; header_font_size=\u00bb23px\u00bb body_text_align=\u00bbleft\u00bb body_text_color=\u00bb#747370&#8243; body_font_size=\u00bb15px\u00bb body_line_height=\u00bb0.3em\u00bb text_orientation_tablet=\u00bbcenter\u00bb text_orientation_phone=\u00bbleft\u00bb text_orientation_last_edited=\u00bbon|tablet\u00bb global_colors_info=\u00bb{}\u00bb]<\/p>\n<h1 style=\"text-align: left;\">Sierrasan<\/h1>\n<p style=\"text-align: left;\">Calle Aleixandre, 4<\/p>\n<p style=\"text-align: left;\">28033 &#8211; Madrid<\/p>\n<p style=\"text-align: left;\"><span style=\"color: #686868;\"><a href=\"mailto:comercial@sierrasan.es\" style=\"color: #686868;\">comercial@sierrasan.es<\/a><\/span><\/p>\n<p>&nbsp;<\/p>\n<p>&nbsp;<\/p>\n<p>[\/et_pb_blurb][et_pb_text _builder_version=\u00bb4.14.9&#8243; _module_preset=\u00bbdefault\u00bb text_text_color=\u00bb#747370&#8243; text_font_size=\u00bb16px\u00bb global_colors_info=\u00bb{}\u00bb]<\/p>\n<p><span style=\"color: #747370;\"><a href=\"https:\/\/goo.gl\/maps\/5hxBrNbfPtinVYcS7\" target=\"_blank\" rel=\"noopener noreferrer\" style=\"color: #747370;\"><strong>GOOGLE MAPS<\/strong><\/a><\/span><\/p>\n<p>[\/et_pb_text][\/et_pb_column][et_pb_column type=\u00bb1_2&#8243; _builder_version=\u00bb4.14.9&#8243; _module_preset=\u00bbdefault\u00bb global_colors_info=\u00bb{}\u00bb][et_pb_text _builder_version=\u00bb4.14.9&#8243; _module_preset=\u00bbdefault\u00bb text_text_color=\u00bb#E02B20&#8243; text_line_height=\u00bb0.5em\u00bb text_orientation=\u00bbcenter\u00bb custom_margin=\u00bb||||false|false\u00bb hover_enabled=\u00bb0&#8243; global_colors_info=\u00bb{}\u00bb custom_margin__hover_enabled=\u00bboff|desktop\u00bb sticky_enabled=\u00bb0&#8243;]<\/p>\n<p>&nbsp;<\/p>\n<p>Pol\u00edtica de Privacidad\u00a0<\/p>\n<p><span style=\"color: #e02b20;\">Pol\u00edtica de Cookies<\/span><\/p>\n<p>Aviso Legal<\/p>\n<p>Protecci\u00f3n de datos<\/p>\n<p>&nbsp;<\/p>\n<p>[\/et_pb_text][\/et_pb_column][\/et_pb_row][\/et_pb_section]<\/p>","protected":false},"excerpt":{"rendered":"<p>Pol\u00edtica de Privacidad IDENTIFICACI\u00d3NTitular: Pol\u00edtica de PrivacidadIDENTIFICACI\u00d3NTitular: SIERRASAN EQUIPAMIENTOS S.L. Domicilio social: CalleAleixandre, 4 28033 MadridN.I.F.: B-82888637 E-mail: comercial@sierrasan.esINFORMACI\u00d3N Y CONSENTIMIENTODe conformidad con lo dispuesto en la Ley Org\u00e1nica 3\/2018, de Protecci\u00f3n de Datos de Car\u00e1cter Personal y Garant\u00eda de los Derechos Digitales (en adelante, \u00abLOPDGDD\u00bb), y teniendo presente el Reglamento UE 679\/2015 de protecci\u00f3n [&hellip;]<\/p>","protected":false},"author":1,"featured_media":0,"parent":0,"menu_order":0,"comment_status":"closed","ping_status":"closed","template":"","meta":{"_et_pb_use_builder":"on","_et_pb_old_content":"","_et_gb_content_width":"","footnotes":""},"_links":{"self":[{"href":"https:\/\/sierrasan.es\/en\/wp-json\/wp\/v2\/pages\/160"}],"collection":[{"href":"https:\/\/sierrasan.es\/en\/wp-json\/wp\/v2\/pages"}],"about":[{"href":"https:\/\/sierrasan.es\/en\/wp-json\/wp\/v2\/types\/page"}],"author":[{"embeddable":true,"href":"https:\/\/sierrasan.es\/en\/wp-json\/wp\/v2\/users\/1"}],"replies":[{"embeddable":true,"href":"https:\/\/sierrasan.es\/en\/wp-json\/wp\/v2\/comments?post=160"}],"version-history":[{"count":7,"href":"https:\/\/sierrasan.es\/en\/wp-json\/wp\/v2\/pages\/160\/revisions"}],"predecessor-version":[{"id":616,"href":"https:\/\/sierrasan.es\/en\/wp-json\/wp\/v2\/pages\/160\/revisions\/616"}],"wp:attachment":[{"href":"https:\/\/sierrasan.es\/en\/wp-json\/wp\/v2\/media?parent=160"}],"curies":[{"name":"wp","href":"https:\/\/api.w.org\/{rel}","templated":true}]}}